
{"id":8,"date":"2017-10-23T08:56:59","date_gmt":"2017-10-23T07:56:59","guid":{"rendered":"http:\/\/home.uia.no\/shellv10uia-no\/?page_id=8"},"modified":"2017-10-23T10:32:11","modified_gmt":"2017-10-23T09:32:11","slug":"litt-om-meg","status":"publish","type":"page","link":"https:\/\/home.uia.no\/shellv10uia-no\/","title":{"rendered":"Velkommen!"},"content":{"rendered":"<p>Hei og velkommen til Bokhj\u00f8rnet!<\/p>\n<p>Mitt navn er Shelley og jeg er skolebibliotekar! Jeg leser utrolig mye og er s\u00e5 heldig at jeg om dagen &#8211; og gjerne om kvelden ogs\u00e5 &#8211; er omgitt av tusenvis av b\u00f8ker! Mange av disse sitter enn\u00e5 p\u00e5 hyllene og venter p\u00e5 at noen skal \u00e5pne dem og rives med inn i en verden full av spennende historier, dystre eventyr, morsomme fortellinger og l\u00e6rerike tekster. Kanskje er det nettopp deg som finner dem neste gang du stikker innom biblioteket&#8230;?<\/p>\n<p>P\u00e5 denne bloggen kan du lese om b\u00f8ker jeg tror du vil syns er b\u00e5de spennende og interessant! Jeg h\u00e5per bloggen gir deg noen tips p\u00e5 hva som kan v\u00e6re din neste bok!<\/p>\n<p>Legg gjerne igjen en kommentar om du f\u00f8ler for det! Eller tips meg om b\u00f8ker du syns jeg skal lese og presentere!<\/p>\n<p>&nbsp;<\/p>\n<p style=\"text-align: center\">&laquo;A reader lives a thousand lives before he dies. The man who never reads lives only one.&raquo;<\/p>\n<p style=\"text-align: center\"><em>George R. R. Martin<\/em><\/p>\n","protected":false},"excerpt":{"rendered":"<p>Hei og velkommen til Bokhj\u00f8rnet! Mitt navn er Shelley og jeg er skolebibliotekar! Jeg leser utrolig mye og er s\u00e5 heldig at jeg om dagen &#8211; og gjerne om kvelden ogs\u00e5 &#8211; er omgitt av tusenvis av b\u00f8ker! Mange av &hellip; <a href=\"https:\/\/home.uia.no\/shellv10uia-no\/\">Continue reading <span class=\"meta-nav\">&rarr;<\/span><\/a><\/p>\n","protected":false},"author":1484,"featured_media":0,"parent":0,"menu_order":0,"comment_status":"closed","ping_status":"closed","template":"","meta":{"_exactmetrics_skip_tracking":false,"_exactmetrics_sitenote_active":false,"_exactmetrics_sitenote_note":"","_exactmetrics_sitenote_category":0,"footnotes":""},"_links":{"self":[{"href":"https:\/\/home.uia.no\/shellv10uia-no\/wp-json\/wp\/v2\/pages\/8"}],"collection":[{"href":"https:\/\/home.uia.no\/shellv10uia-no\/wp-json\/wp\/v2\/pages"}],"about":[{"href":"https:\/\/home.uia.no\/shellv10uia-no\/wp-json\/wp\/v2\/types\/page"}],"author":[{"embeddable":true,"href":"https:\/\/home.uia.no\/shellv10uia-no\/wp-json\/wp\/v2\/users\/1484"}],"replies":[{"embeddable":true,"href":"https:\/\/home.uia.no\/shellv10uia-no\/wp-json\/wp\/v2\/comments?post=8"}],"version-history":[{"count":5,"href":"https:\/\/home.uia.no\/shellv10uia-no\/wp-json\/wp\/v2\/pages\/8\/revisions"}],"predecessor-version":[{"id":54,"href":"https:\/\/home.uia.no\/shellv10uia-no\/wp-json\/wp\/v2\/pages\/8\/revisions\/54"}],"wp:attachment":[{"href":"https:\/\/home.uia.no\/shellv10uia-no\/wp-json\/wp\/v2\/media?parent=8"}],"curies":[{"name":"wp","href":"https:\/\/api.w.org\/{rel}","templated":true}]}}