
{"id":4,"date":"2025-01-16T12:27:16","date_gmt":"2025-01-16T11:27:16","guid":{"rendered":"https:\/\/home.uia.no\/sirih16\/?page_id=2"},"modified":"2025-01-16T13:19:21","modified_gmt":"2025-01-16T12:19:21","slug":"testside","status":"publish","type":"page","link":"https:\/\/home.uia.no\/sirih16\/testside\/","title":{"rendered":"Om meg"},"content":{"rendered":"\n<p>S\u00e5 n\u00e5 har du kommet deg helt hit, og lurer kanskje p\u00e5 hvem forfatteren av denne bloggen er? <\/p>\n\n\n\n<p>Mitt navn er Siri Hardeland, og jeg jobber som l\u00e6rer p\u00e5 en barneskole i Lillesand. Studie\u00e5ret 2024\/2025 tar jeg etterutdanning i norsk ved Universitet i Agder. <\/p>\n\n\n\n<p><\/p>\n\n\n\n<p>P\u00e5 denne bloggen vil du finne innlegg som handler om det norske spr\u00e5ket. <\/p>\n","protected":false},"excerpt":{"rendered":"<p>S\u00e5 n\u00e5 har du kommet deg helt hit, og lurer kanskje p\u00e5 hvem forfatteren av denne bloggen er? Mitt navn er Siri Hardeland, og jeg jobber som l\u00e6rer p\u00e5 en barneskole i Lillesand. Studie\u00e5ret 2024\/2025 tar jeg etterutdanning i norsk ved Universitet i Agder. P\u00e5 denne bloggen vil du finne innlegg som handler om det &hellip; <\/p>\n<p class=\"link-more\"><a href=\"https:\/\/home.uia.no\/sirih16\/testside\/\" class=\"more-link\">Fortsett \u00e5 lese<span class=\"screen-reader-text\"> \u00abOm meg\u00bb<\/span><\/a><\/p>\n","protected":false},"author":3743,"featured_media":0,"parent":0,"menu_order":0,"comment_status":"closed","ping_status":"open","template":"","meta":{"_exactmetrics_skip_tracking":false,"_exactmetrics_sitenote_active":false,"_exactmetrics_sitenote_note":"","_exactmetrics_sitenote_category":0,"footnotes":""},"_links":{"self":[{"href":"https:\/\/home.uia.no\/sirih16\/wp-json\/wp\/v2\/pages\/4"}],"collection":[{"href":"https:\/\/home.uia.no\/sirih16\/wp-json\/wp\/v2\/pages"}],"about":[{"href":"https:\/\/home.uia.no\/sirih16\/wp-json\/wp\/v2\/types\/page"}],"author":[{"embeddable":true,"href":"https:\/\/home.uia.no\/sirih16\/wp-json\/wp\/v2\/users\/3743"}],"replies":[{"embeddable":true,"href":"https:\/\/home.uia.no\/sirih16\/wp-json\/wp\/v2\/comments?post=4"}],"version-history":[{"count":1,"href":"https:\/\/home.uia.no\/sirih16\/wp-json\/wp\/v2\/pages\/4\/revisions"}],"predecessor-version":[{"id":38,"href":"https:\/\/home.uia.no\/sirih16\/wp-json\/wp\/v2\/pages\/4\/revisions\/38"}],"wp:attachment":[{"href":"https:\/\/home.uia.no\/sirih16\/wp-json\/wp\/v2\/media?parent=4"}],"curies":[{"name":"wp","href":"https:\/\/api.w.org\/{rel}","templated":true}]}}