
{"id":6,"date":"2020-09-08T17:07:58","date_gmt":"2020-09-08T15:07:58","guid":{"rendered":"http:\/\/home.uia.no\/stinecn\/?page_id=2"},"modified":"2022-10-26T09:58:59","modified_gmt":"2022-10-26T08:58:59","slug":"om-meg","status":"publish","type":"page","link":"https:\/\/home.uia.no\/stinecn\/om-meg\/","title":{"rendered":"Om meg"},"content":{"rendered":"<h3><img loading=\"lazy\" decoding=\"async\" class=\"size-medium wp-image-50 alignleft\" src=\"http:\/\/home.uia.no\/stinecn\/files\/2020\/09\/bibliotekbilde-Stine-rydder-274x300.jpg\" alt=\"En dame sett fra siden, med brunt h\u00e5r satt opp med en h\u00e5rklype, briller, hvit t-skjorte og fargerikt skjerf. Hun lener seg inn mot en bokhylle fylt av b\u00f8ker og strekker sin venstre h\u00e5nd mot b\u00f8kene. I sin h\u00f8yre h\u00e5nd holder hun en barnebok med svart omslag og tittelen Barnas Beste.\" width=\"274\" height=\"300\" srcset=\"https:\/\/home.uia.no\/stinecn\/files\/2020\/09\/bibliotekbilde-Stine-rydder-274x300.jpg 274w, https:\/\/home.uia.no\/stinecn\/files\/2020\/09\/bibliotekbilde-Stine-rydder.jpg 280w\" sizes=\"(max-width: 274px) 100vw, 274px\" \/><br \/>\nJeg l\u00e6rte \u00e5 lese og skrive da jeg var 4 \u00e5r.<br \/>\nS\u00e5 fortsatte jeg med det&#8230;<\/h3>\n<p style=\"font-size: 10.5pt;font-family: 'Arial',sans-serif;color: #414141\">Jeg vokste opp p\u00e5 Molde Bibliotek. Hvor ofte var vi innom, mamma og jeg&#8230; hver uke? Mamma har ogs\u00e5 alltid v\u00e6rt en god bokl\u00e5ner. Hun gikk i hyllene litt og plukket med seg noen krimb\u00f8ker her og der for \u00e5 erstatte dem hun nettopp hadde lest, og s\u00e5 dro vi hjem. Men f\u00f8r den tid lot hun meg v\u00e6re igjen p\u00e5 biblioteket mens hun gikk i forretningene og gjorde \u00e6rend. Det var overhodet ikke noe problem, verken for personalet eller meg.<\/p>\n<p style=\"background: white;margin: 0cm 0cm 7.5pt 0cm\"><span style=\"font-size: 10.5pt;font-family: 'Arial',sans-serif;color: #414141\">Det \u00e5 tr\u00e5le fra butikk til butikk var som regel ikke s\u00e5 veldig spennende (selv om det var veldig hyggelig \u00e5 holde mamma i h\u00e5nden og sm\u00e5prate p\u00e5 veien), da var det\u00a0<strong><span style=\"font-family: 'Arial',sans-serif\">mye<\/span><\/strong>\u00a0bedre \u00e5 f\u00e5 sitte i Barneavdelingen og lese tegneserier (de hadde\u00a0<strong><span style=\"font-family: 'Arial',sans-serif\">store<\/span><\/strong>\u00a0Donald-b\u00f8ker!) og ha nok tid til \u00e5 f\u00e5 valgt seg ut en stor stabel b\u00f8ker \u00e5 ta med hjem n\u00e5r mor kom tilbake. Det var heldigvis ikke noen begrensning p\u00e5 antall samtidige l\u00e5n den gangen. I alle fall slo den aldri ut for meg, og jeg klarte \u00e5 presse med meg mellom 20 og 30 b\u00f8ker ved en anledning.\u00a0<\/span><\/p>\n<p style=\"background: white;margin: 0cm 0cm 7.5pt 0cm\"><span style=\"font-size: 10.5pt;font-family: 'Arial',sans-serif;color: #414141\">Bibliotekarene var velkjente og stort sett vennlige, kortkatalogen var som et skattekart en m\u00e5tte l\u00e6re seg \u00e5 tyde, og hyllene var nabolag der gamle og nye venner bodde. Og opp gjennom \u00e5renes l\u00f8p ble bare 1 l\u00e5n tapt: boka om Jordb\u00e6r-Malene, som dukket opp igjen langt inne p\u00e5 loftet mange \u00e5r etter at vi hadde erstattet den&#8230;\u00a0<\/span><\/p>\n<p><img loading=\"lazy\" decoding=\"async\" class=\"size-medium wp-image-52 alignright\" src=\"http:\/\/home.uia.no\/stinecn\/files\/2020\/09\/Kearns-Library.jpg\" alt=\"En dame med langt brunt h\u00e5r og solbriller ikledt gr\u00f8nn genser og langt gr\u00f8nt skj\u00f8rt st\u00e5r ved et skilt p\u00e5 en vegg i gulbeige mur. Ved bakken vokser det en gr\u00f8nn hekk, og vi ser skyggen av fotografen som tok bildet, til venstre for dama i motivet. Skiltet er avlangt og svart med hvit tekst over tre linjer. P\u00e5 skiltet st\u00e5r det trykt Salt Lake County Library System i middels store bokstaver p\u00e5 \u00f8verste linje. P\u00e5 linjen i midten st\u00e5r det Kearns Library i stor skrift. Underst st\u00e5r adressen til biblioteket i middels store bokstaver. Adressen er 5350 South 4220 West\" width=\"280\" height=\"210\" \/><\/p>\n<p style=\"background: white;margin: 0cm 0cm 7.5pt 0cm\"><span style=\"font-size: 10.5pt;font-family: 'Arial',sans-serif;color: #414141\">Etter mange \u00e5r p\u00e5 veltr\u00e5kkede stier ved Molde Bibliotek i oppveksten, har jeg funnet vegen til offentlige biblioteker fra New Zealand til USA, \u00a0til universitets- og h\u00f8gskolebiblioteker, sykehusbibliotek og skolebibliotek. Alle har hatt sitt s\u00e6rpreg og sine skatter. N\u00e5 veileder jeg til vanlig nye sm\u00e5 skattejegere p\u00e5 biblioteket ved Skjevik barne- og ungdomsskole i <a href=\"http:\/\/www.molde.kommune.no\/\" target=\"_blank\" rel=\"noopener\">Molde kommune<\/a>, men er for en tid framover p\u00e5 utl\u00e5n til en ungdomsskole sentralt i kommunen og h\u00e5per \u00e5 f\u00e5 muligheten til \u00e5 omforme &laquo;biblioteket&raquo; fra et klasserom med to bokhyller i til et levende funksjonelt skolebibliotek.<\/span><\/p>\n<p style=\"background: white;margin: 0cm 0cm 7.5pt 0cm\"><span style=\"font-size: 10.5pt;font-family: 'Arial',sans-serif;color: #414141\">Nytt av \u00e5ret er ogs\u00e5 at jeg har blitt valgt inn i styret i <a href=\"https:\/\/norskbibliotekforening.no\/faggruppe\/nbf-skole\/\">NBF Skole<\/a>. Det virket naturlig \u00e5 stille til valg i Norsk Bibliotekforening siden jeg uansett lever og \u00e5nder skolebibliotek, og h\u00e5per \u00e5 vise meg tilliten verdig.<\/span><\/p>\n<p style=\"font-size: 10.5pt;font-family: 'Arial',sans-serif;color: #414141\">P\u00e5 fritiden tjener jeg som organist\/kantor i <a href=\"http:\/\/www.stsunniva.com\/\" target=\"_blank\" rel=\"noopener\">Sta. Sunniva katolske menighet<\/a>, liker dataspill, brodering og kakepynting. Og s\u00e5 pr\u00f8ver jeg \u00e5 finne tid til \u00e5 lese litt <strong>hver dag<\/strong>, her skal <a href=\"http:\/\/www.helenorgeleser.no\/\" target=\"_blank\" rel=\"noopener\">Hele Norge Leser<\/a> f\u00e5 \u00e6ren for \u00e5 ha f\u00e5tt meg inn i gode vaner igjen, godt hjulpet av lydbokabonnement p\u00e5 mobilen og et godt sett hodetelefoner! Glad i sci-fi og fantasy, leser en del YA og lover meg selv stadig \u00e5 bli enda flinkere p\u00e5 det som r\u00f8rer seg i barnebokverdenen. Boktips mottas med takk.<\/p>\n","protected":false},"excerpt":{"rendered":"<p>Jeg l\u00e6rte \u00e5 lese og skrive da jeg var 4 \u00e5r. S\u00e5 fortsatte jeg med det&#8230; Jeg vokste opp p\u00e5 Molde Bibliotek. Hvor ofte var vi innom, mamma og jeg&#8230; hver uke? Mamma har ogs\u00e5 alltid v\u00e6rt en god bokl\u00e5ner. &hellip; <a href=\"https:\/\/home.uia.no\/stinecn\/om-meg\/\">Continue reading <span class=\"meta-nav\">&rarr;<\/span><\/a><\/p>\n","protected":false},"author":2716,"featured_media":0,"parent":0,"menu_order":0,"comment_status":"closed","ping_status":"open","template":"","meta":{"_exactmetrics_skip_tracking":false,"_exactmetrics_sitenote_active":false,"_exactmetrics_sitenote_note":"","_exactmetrics_sitenote_category":0,"footnotes":""},"_links":{"self":[{"href":"https:\/\/home.uia.no\/stinecn\/wp-json\/wp\/v2\/pages\/6"}],"collection":[{"href":"https:\/\/home.uia.no\/stinecn\/wp-json\/wp\/v2\/pages"}],"about":[{"href":"https:\/\/home.uia.no\/stinecn\/wp-json\/wp\/v2\/types\/page"}],"author":[{"embeddable":true,"href":"https:\/\/home.uia.no\/stinecn\/wp-json\/wp\/v2\/users\/2716"}],"replies":[{"embeddable":true,"href":"https:\/\/home.uia.no\/stinecn\/wp-json\/wp\/v2\/comments?post=6"}],"version-history":[{"count":3,"href":"https:\/\/home.uia.no\/stinecn\/wp-json\/wp\/v2\/pages\/6\/revisions"}],"predecessor-version":[{"id":282,"href":"https:\/\/home.uia.no\/stinecn\/wp-json\/wp\/v2\/pages\/6\/revisions\/282"}],"wp:attachment":[{"href":"https:\/\/home.uia.no\/stinecn\/wp-json\/wp\/v2\/media?parent=6"}],"curies":[{"name":"wp","href":"https:\/\/api.w.org\/{rel}","templated":true}]}}