
{"id":9,"date":"2014-08-19T12:38:34","date_gmt":"2014-08-19T11:38:34","guid":{"rendered":"http:\/\/home.uia.no\/tanjam14\/?page_id=9"},"modified":"2014-08-26T13:36:12","modified_gmt":"2014-08-26T12:36:12","slug":"om-meg-2","status":"publish","type":"page","link":"https:\/\/home.uia.no\/tanjam14\/om-meg-2\/","title":{"rendered":"Om meg"},"content":{"rendered":"<p>Hei!<\/p>\n<p>Jeg er ei 19 \u00e5r gammel jente som bor i Lyngdal kommune, Vest-Agder. For \u00f8yeblikket studerer jeg IT &#8211; og informasjonssystemer p\u00e5 Universitetet i Agder. Studiet mitt g\u00e5r over tre \u00e5r, og jeg h\u00e5per \u00e5 v\u00e6re uteksaminert v\u00e5ren 2017.<\/p>\n<p><span style=\"line-height: 1.7\">I tillegg til \u00e5 v\u00e6re student jobber jeg p\u00e5 en kaf\u00e9 som heter Lyngdal Inn.\u00a0<\/span><span style=\"line-height: 1.7\">P\u00e5 fritiden min liker jeg \u00e5 v\u00e6re med venner, lese b\u00f8ker, trene og holde meg i fysisk aktivitet. Jeg er ogs\u00e5 veldig glad i \u00e5 reise og \u00e5 bli kjent med nye land og kulturer!\u00a0<\/span><\/p>\n<p>&nbsp;<\/p>\n","protected":false},"excerpt":{"rendered":"<p>Hei! Jeg er ei 19 \u00e5r gammel jente som bor i Lyngdal kommune, Vest-Agder. For \u00f8yeblikket studerer jeg IT &#8211; og informasjonssystemer p\u00e5 Universitetet i Agder. Studiet mitt g\u00e5r over tre \u00e5r, og jeg h\u00e5per \u00e5 v\u00e6re uteksaminert v\u00e5ren 2017. I tillegg til \u00e5 v\u00e6re student jobber jeg p\u00e5 en kaf\u00e9 som heter Lyngdal Inn.\u00a0P\u00e5 [&hellip;]<\/p>\n","protected":false},"author":499,"featured_media":0,"parent":0,"menu_order":0,"comment_status":"closed","ping_status":"closed","template":"","meta":{"_exactmetrics_skip_tracking":false,"_exactmetrics_sitenote_active":false,"_exactmetrics_sitenote_note":"","_exactmetrics_sitenote_category":0,"footnotes":""},"_links":{"self":[{"href":"https:\/\/home.uia.no\/tanjam14\/wp-json\/wp\/v2\/pages\/9"}],"collection":[{"href":"https:\/\/home.uia.no\/tanjam14\/wp-json\/wp\/v2\/pages"}],"about":[{"href":"https:\/\/home.uia.no\/tanjam14\/wp-json\/wp\/v2\/types\/page"}],"author":[{"embeddable":true,"href":"https:\/\/home.uia.no\/tanjam14\/wp-json\/wp\/v2\/users\/499"}],"replies":[{"embeddable":true,"href":"https:\/\/home.uia.no\/tanjam14\/wp-json\/wp\/v2\/comments?post=9"}],"version-history":[{"count":3,"href":"https:\/\/home.uia.no\/tanjam14\/wp-json\/wp\/v2\/pages\/9\/revisions"}],"predecessor-version":[{"id":26,"href":"https:\/\/home.uia.no\/tanjam14\/wp-json\/wp\/v2\/pages\/9\/revisions\/26"}],"wp:attachment":[{"href":"https:\/\/home.uia.no\/tanjam14\/wp-json\/wp\/v2\/media?parent=9"}],"curies":[{"name":"wp","href":"https:\/\/api.w.org\/{rel}","templated":true}]}}