
{"id":34,"date":"2016-09-13T20:20:11","date_gmt":"2016-09-13T19:20:11","guid":{"rendered":"http:\/\/home.uia.no\/tarjek14\/?page_id=34"},"modified":"2016-09-13T20:20:11","modified_gmt":"2016-09-13T19:20:11","slug":"om-meg","status":"publish","type":"page","link":"https:\/\/home.uia.no\/tarjek14\/om-meg\/","title":{"rendered":"Om meg"},"content":{"rendered":"<p>Jeg er 24 \u00e5r studerer Helse og Fitness p\u00e5 uia. Har lang erfaring med styrke og utholdenhetstrening. Har spilt H\u00e5ndball og Tennis p\u00e5 juniorlandslagsniv\u00e5. Har de siste 3-4 \u00e5rene fokusert p\u00e5 styrketrening, og har i tillegg til trener utdannelse i Tennis, g\u00e5tt grunnstudiet i idrett. Trener selv 5 ganger i uka, og har pr\u00f8vd ut mange forskjellige metoder og former for styrke trening, som kanskje kan v\u00e6re nyttig n\u00e5r jeg skal trene andre.<\/p>\n","protected":false},"excerpt":{"rendered":"<p>Jeg er 24 \u00e5r studerer Helse og Fitness p\u00e5 uia. Har lang erfaring med styrke og utholdenhetstrening. Har spilt H\u00e5ndball og Tennis p\u00e5 juniorlandslagsniv\u00e5. Har de siste 3-4 \u00e5rene fokusert p\u00e5 styrketrening, og har i tillegg til trener utdannelse i &hellip; <a href=\"https:\/\/home.uia.no\/tarjek14\/om-meg\/\">Les videre <span class=\"meta-nav\">&rarr;<\/span><\/a><\/p>\n","protected":false},"author":1233,"featured_media":0,"parent":0,"menu_order":0,"comment_status":"closed","ping_status":"closed","template":"","meta":{"_exactmetrics_skip_tracking":false,"_exactmetrics_sitenote_active":false,"_exactmetrics_sitenote_note":"","_exactmetrics_sitenote_category":0,"footnotes":""},"_links":{"self":[{"href":"https:\/\/home.uia.no\/tarjek14\/wp-json\/wp\/v2\/pages\/34"}],"collection":[{"href":"https:\/\/home.uia.no\/tarjek14\/wp-json\/wp\/v2\/pages"}],"about":[{"href":"https:\/\/home.uia.no\/tarjek14\/wp-json\/wp\/v2\/types\/page"}],"author":[{"embeddable":true,"href":"https:\/\/home.uia.no\/tarjek14\/wp-json\/wp\/v2\/users\/1233"}],"replies":[{"embeddable":true,"href":"https:\/\/home.uia.no\/tarjek14\/wp-json\/wp\/v2\/comments?post=34"}],"version-history":[{"count":1,"href":"https:\/\/home.uia.no\/tarjek14\/wp-json\/wp\/v2\/pages\/34\/revisions"}],"predecessor-version":[{"id":35,"href":"https:\/\/home.uia.no\/tarjek14\/wp-json\/wp\/v2\/pages\/34\/revisions\/35"}],"wp:attachment":[{"href":"https:\/\/home.uia.no\/tarjek14\/wp-json\/wp\/v2\/media?parent=34"}],"curies":[{"name":"wp","href":"https:\/\/api.w.org\/{rel}","templated":true}]}}