
{"id":22,"date":"2024-01-18T12:40:16","date_gmt":"2024-01-18T11:40:16","guid":{"rendered":"https:\/\/home.uia.no\/tonjej08\/?page_id=22"},"modified":"2024-02-05T16:00:40","modified_gmt":"2024-02-05T15:00:40","slug":"kilder","status":"publish","type":"page","link":"https:\/\/home.uia.no\/tonjej08\/kilder\/","title":{"rendered":"Kilder"},"content":{"rendered":"\n<p>H\u00e5rstad,S. (2017) <em>Nabospr\u00e5k og nabospr\u00e5kundervisning <\/em>(1.utgave) Cappelen Damm<\/p>\n\n\n\n<p>Utdanningsdirektoratet. (2020) L\u00e6replan i Norsk NOR01-06 &nbsp;<br><a href=\"https:\/\/www.udir.no\/lk20\/nor01-06\">L\u00e6replan i norsk (NOR01-06) | udir.no<\/a><\/p>\n\n\n\n<p>Utdanningsdirektoratet. (2020) L\u00e6replan i Norsk NOR1-05<br><a href=\"https:\/\/www.udir.no\/kl06\/nor1-05\">https:\/\/www.udir.no\/kl06\/nor1-05<\/a><\/p>\n\n\n\n<p>Foreningen Norden<br><a href=\"https:\/\/www.norden.no\">https:\/\/www.norden.no<\/a> Norden i skolen<br><a href=\"https:\/\/nordeniskolen.org\/nb\/\">https:\/\/nordeniskolen.org\/nb\/<\/a><\/p>\n\n\n\n<p><\/p>\n\n\n\n<p><\/p>\n","protected":false},"excerpt":{"rendered":"<p>H\u00e5rstad,S. (2017) Nabospr\u00e5k og nabospr\u00e5kundervisning (1.utgave) Cappelen Damm Utdanningsdirektoratet. (2020) L\u00e6replan i Norsk NOR01-06 &nbsp;L\u00e6replan i norsk (NOR01-06) | udir.no Utdanningsdirektoratet. (2020) L\u00e6replan i Norsk NOR1-05https:\/\/www.udir.no\/kl06\/nor1-05 Foreningen Nordenhttps:\/\/www.norden.no Norden i skolenhttps:\/\/nordeniskolen.org\/nb\/<\/p>\n","protected":false},"author":3710,"featured_media":0,"parent":0,"menu_order":6,"comment_status":"closed","ping_status":"closed","template":"","meta":{"_exactmetrics_skip_tracking":false,"_exactmetrics_sitenote_active":false,"_exactmetrics_sitenote_note":"","_exactmetrics_sitenote_category":0,"footnotes":""},"_links":{"self":[{"href":"https:\/\/home.uia.no\/tonjej08\/wp-json\/wp\/v2\/pages\/22"}],"collection":[{"href":"https:\/\/home.uia.no\/tonjej08\/wp-json\/wp\/v2\/pages"}],"about":[{"href":"https:\/\/home.uia.no\/tonjej08\/wp-json\/wp\/v2\/types\/page"}],"author":[{"embeddable":true,"href":"https:\/\/home.uia.no\/tonjej08\/wp-json\/wp\/v2\/users\/3710"}],"replies":[{"embeddable":true,"href":"https:\/\/home.uia.no\/tonjej08\/wp-json\/wp\/v2\/comments?post=22"}],"version-history":[{"count":4,"href":"https:\/\/home.uia.no\/tonjej08\/wp-json\/wp\/v2\/pages\/22\/revisions"}],"predecessor-version":[{"id":170,"href":"https:\/\/home.uia.no\/tonjej08\/wp-json\/wp\/v2\/pages\/22\/revisions\/170"}],"wp:attachment":[{"href":"https:\/\/home.uia.no\/tonjej08\/wp-json\/wp\/v2\/media?parent=22"}],"curies":[{"name":"wp","href":"https:\/\/api.w.org\/{rel}","templated":true}]}}